{"id":76,"date":"2024-02-29T08:48:06","date_gmt":"2024-02-29T11:48:06","guid":{"rendered":"https:\/\/www.santacatarinalaboure.com.br\/?page_id=76"},"modified":"2024-07-11T17:02:39","modified_gmt":"2024-07-11T20:02:39","slug":"acolhida","status":"publish","type":"page","link":"https:\/\/www.santacatarinalaboure.com.br\/index.php\/acolhida\/","title":{"rendered":"Acolhida"},"content":{"rendered":"\t\t<div data-elementor-type=\"wp-page\" data-elementor-id=\"76\" class=\"elementor elementor-76\" data-elementor-post-type=\"page\">\n\t\t\t\t<div class=\"elementor-element elementor-element-ca74b54 e-flex e-con-boxed e-con e-parent\" data-id=\"ca74b54\" data-element_type=\"container\" data-settings=\"{&quot;content_width&quot;:&quot;boxed&quot;}\" data-core-v316-plus=\"true\">\n\t\t\t\t\t<div class=\"e-con-inner\">\n\t\t\t\t<div class=\"elementor-element elementor-element-55fdfee elementor-widget elementor-widget-heading\" data-id=\"55fdfee\" data-element_type=\"widget\" data-widget_type=\"heading.default\">\n\t\t\t\t<div class=\"elementor-widget-container\">\n\t\t\t<style>\/*! elementor - v3.19.0 - 07-02-2024 *\/\n.elementor-heading-title{padding:0;margin:0;line-height:1}.elementor-widget-heading .elementor-heading-title[class*=elementor-size-]>a{color:inherit;font-size:inherit;line-height:inherit}.elementor-widget-heading .elementor-heading-title.elementor-size-small{font-size:15px}.elementor-widget-heading .elementor-heading-title.elementor-size-medium{font-size:19px}.elementor-widget-heading .elementor-heading-title.elementor-size-large{font-size:29px}.elementor-widget-heading .elementor-heading-title.elementor-size-xl{font-size:39px}.elementor-widget-heading .elementor-heading-title.elementor-size-xxl{font-size:59px}<\/style><h2 class=\"elementor-heading-title elementor-size-default\">Acolhida<\/h2>\t\t<\/div>\n\t\t\t\t<\/div>\n\t\t\t\t<div class=\"elementor-element elementor-element-204ff15 elementor-widget elementor-widget-text-editor\" data-id=\"204ff15\" data-element_type=\"widget\" data-widget_type=\"text-editor.default\">\n\t\t\t\t<div class=\"elementor-widget-container\">\n\t\t\t<style>\/*! elementor - v3.19.0 - 07-02-2024 *\/\n.elementor-widget-text-editor.elementor-drop-cap-view-stacked .elementor-drop-cap{background-color:#69727d;color:#fff}.elementor-widget-text-editor.elementor-drop-cap-view-framed .elementor-drop-cap{color:#69727d;border:3px solid;background-color:transparent}.elementor-widget-text-editor:not(.elementor-drop-cap-view-default) .elementor-drop-cap{margin-top:8px}.elementor-widget-text-editor:not(.elementor-drop-cap-view-default) .elementor-drop-cap-letter{width:1em;height:1em}.elementor-widget-text-editor .elementor-drop-cap{float:left;text-align:center;line-height:1;font-size:50px}.elementor-widget-text-editor .elementor-drop-cap-letter{display:inline-block}<\/style>\t\t\t\t<p>A Pastoral da Acolhida \u00e9 uma obra que convida os frades a se sentirem bem nas missas e confraterniza\u00e7\u00f5es. O objetivo da pastoral \u00e9 transmitir a imagem de uma comunidade bela e acolhedora: os ideais e expectativas de uma comunidade crist\u00e3. Esta imagem est\u00e1 intimamente relacionado \u00e0 qualidade da recep\u00e7\u00e3o. As pessoas que v\u00eam \u00e0 nossa igreja deveriam sair mais felizes, mais gratas e felizes por terem continuado a frequentar.<\/p><p>A miss\u00e3o do minist\u00e9rio pastoral \u00e9 acolher com amor e devo\u00e7\u00e3o os participantes da Missa dominical. Esta recep\u00e7\u00e3o ser\u00e1 realizada na entrada da igreja com sauda\u00e7\u00e3o de boas-vindas e apresenta\u00e7\u00e3o de folhetos, com especial aten\u00e7\u00e3o aos idosos, gr\u00e1vidas e pessoas com defici\u00eancia. Prestar assist\u00eancia em caso de inconvenientes ou outros problemas, entrega de folhetos de interesse da comunidade, informa\u00e7\u00f5es diversas e tudo o mais necess\u00e1rio ao bem-estar e ordem b\u00e1sica dos fi\u00e9is durante os eventos lit\u00fargicos.<\/p><p>Nosso principal objetivo nesta s\u00e9rie de atividades \u00e9 criar uma atmosfera de aprofundamento de conex\u00f5es entre os participantes da Missa e criar melhores condi\u00e7\u00f5es para uma celebra\u00e7\u00e3o mais alegre, alegre, s\u00e9ria e orante.<\/p><p>&#8220;Acolhei-vos uns aos outros, como Cristo nos acolheu para a gl\u00f3ria do Pai&#8221; (Rom 15,7)<\/p>\t\t\t\t\t\t<\/div>\n\t\t\t\t<\/div>\n\t\t\t\t\t<\/div>\n\t\t\t\t<\/div>\n\t\t\t\t<\/div>\n\t\t","protected":false},"excerpt":{"rendered":"<p>Acolhida A Pastoral da Acolhida \u00e9 uma obra que convida os frades a se<span class=\"more-dots\">&#8230;<\/span><\/p>\n","protected":false},"author":1,"featured_media":0,"parent":0,"menu_order":0,"comment_status":"closed","ping_status":"closed","template":"","meta":{"footnotes":""},"class_list":["post-76","page","type-page","status-publish","hentry","no-post-thumbnail"],"yoast_head":"<!-- This site is optimized with the Yoast SEO plugin v22.3 - https:\/\/yoast.com\/wordpress\/plugins\/seo\/ -->\n<title>Acolhida - Par\u00f3quia Santa Catarina Labour\u00e9<\/title>\n<meta name=\"robots\" content=\"index, follow, max-snippet:-1, max-image-preview:large, max-video-preview:-1\" \/>\n<link rel=\"canonical\" href=\"https:\/\/www.santacatarinalaboure.com.br\/index.php\/acolhida\/\" \/>\n<meta property=\"og:locale\" content=\"pt_BR\" \/>\n<meta property=\"og:type\" content=\"article\" \/>\n<meta property=\"og:title\" content=\"Acolhida - Par\u00f3quia Santa Catarina Labour\u00e9\" \/>\n<meta property=\"og:description\" content=\"Acolhida A Pastoral da Acolhida \u00e9 uma obra que convida os frades a se...\" \/>\n<meta property=\"og:url\" content=\"https:\/\/www.santacatarinalaboure.com.br\/index.php\/acolhida\/\" \/>\n<meta property=\"og:site_name\" content=\"Par\u00f3quia Santa Catarina Labour\u00e9\" \/>\n<meta property=\"article:modified_time\" content=\"2024-07-11T20:02:39+00:00\" \/>\n<meta name=\"twitter:card\" content=\"summary_large_image\" \/>\n<meta name=\"twitter:label1\" content=\"Est. tempo de leitura\" \/>\n\t<meta name=\"twitter:data1\" content=\"2 minutos\" \/>\n<script type=\"application\/ld+json\" class=\"yoast-schema-graph\">{\"@context\":\"https:\/\/schema.org\",\"@graph\":[{\"@type\":\"WebPage\",\"@id\":\"https:\/\/www.santacatarinalaboure.com.br\/index.php\/acolhida\/\",\"url\":\"https:\/\/www.santacatarinalaboure.com.br\/index.php\/acolhida\/\",\"name\":\"Acolhida - Par\u00f3quia Santa Catarina Labour\u00e9\",\"isPartOf\":{\"@id\":\"https:\/\/www.santacatarinalaboure.com.br\/#website\"},\"datePublished\":\"2024-02-29T11:48:06+00:00\",\"dateModified\":\"2024-07-11T20:02:39+00:00\",\"breadcrumb\":{\"@id\":\"https:\/\/www.santacatarinalaboure.com.br\/index.php\/acolhida\/#breadcrumb\"},\"inLanguage\":\"pt-BR\",\"potentialAction\":[{\"@type\":\"ReadAction\",\"target\":[\"https:\/\/www.santacatarinalaboure.com.br\/index.php\/acolhida\/\"]}]},{\"@type\":\"BreadcrumbList\",\"@id\":\"https:\/\/www.santacatarinalaboure.com.br\/index.php\/acolhida\/#breadcrumb\",\"itemListElement\":[{\"@type\":\"ListItem\",\"position\":1,\"name\":\"In\u00edcio\",\"item\":\"https:\/\/www.santacatarinalaboure.com.br\/\"},{\"@type\":\"ListItem\",\"position\":2,\"name\":\"Acolhida\"}]},{\"@type\":\"WebSite\",\"@id\":\"https:\/\/www.santacatarinalaboure.com.br\/#website\",\"url\":\"https:\/\/www.santacatarinalaboure.com.br\/\",\"name\":\"Par\u00f3quia Santa Catarina Labour\u00e9\",\"description\":\"Par\u00f3quia Santa Catarina Labour\u00e9\",\"publisher\":{\"@id\":\"https:\/\/www.santacatarinalaboure.com.br\/#organization\"},\"potentialAction\":[{\"@type\":\"SearchAction\",\"target\":{\"@type\":\"EntryPoint\",\"urlTemplate\":\"https:\/\/www.santacatarinalaboure.com.br\/?s={search_term_string}\"},\"query-input\":\"required name=search_term_string\"}],\"inLanguage\":\"pt-BR\"},{\"@type\":\"Organization\",\"@id\":\"https:\/\/www.santacatarinalaboure.com.br\/#organization\",\"name\":\"Par\u00f3quia Santa Catarina Labour\u00e9\",\"url\":\"https:\/\/www.santacatarinalaboure.com.br\/\",\"logo\":{\"@type\":\"ImageObject\",\"inLanguage\":\"pt-BR\",\"@id\":\"https:\/\/www.santacatarinalaboure.com.br\/#\/schema\/logo\/image\/\",\"url\":\"https:\/\/www.santacatarinalaboure.com.br\/wp-content\/uploads\/2024\/06\/medalha-milagrosa.png\",\"contentUrl\":\"https:\/\/www.santacatarinalaboure.com.br\/wp-content\/uploads\/2024\/06\/medalha-milagrosa.png\",\"width\":402,\"height\":320,\"caption\":\"Par\u00f3quia Santa Catarina Labour\u00e9\"},\"image\":{\"@id\":\"https:\/\/www.santacatarinalaboure.com.br\/#\/schema\/logo\/image\/\"}}]}<\/script>\n<!-- \/ Yoast SEO plugin. -->","yoast_head_json":{"title":"Acolhida - Par\u00f3quia Santa Catarina Labour\u00e9","robots":{"index":"index","follow":"follow","max-snippet":"max-snippet:-1","max-image-preview":"max-image-preview:large","max-video-preview":"max-video-preview:-1"},"canonical":"https:\/\/www.santacatarinalaboure.com.br\/index.php\/acolhida\/","og_locale":"pt_BR","og_type":"article","og_title":"Acolhida - Par\u00f3quia Santa Catarina Labour\u00e9","og_description":"Acolhida A Pastoral da Acolhida \u00e9 uma obra que convida os frades a se...","og_url":"https:\/\/www.santacatarinalaboure.com.br\/index.php\/acolhida\/","og_site_name":"Par\u00f3quia Santa Catarina Labour\u00e9","article_modified_time":"2024-07-11T20:02:39+00:00","twitter_card":"summary_large_image","twitter_misc":{"Est. tempo de leitura":"2 minutos"},"schema":{"@context":"https:\/\/schema.org","@graph":[{"@type":"WebPage","@id":"https:\/\/www.santacatarinalaboure.com.br\/index.php\/acolhida\/","url":"https:\/\/www.santacatarinalaboure.com.br\/index.php\/acolhida\/","name":"Acolhida - Par\u00f3quia Santa Catarina Labour\u00e9","isPartOf":{"@id":"https:\/\/www.santacatarinalaboure.com.br\/#website"},"datePublished":"2024-02-29T11:48:06+00:00","dateModified":"2024-07-11T20:02:39+00:00","breadcrumb":{"@id":"https:\/\/www.santacatarinalaboure.com.br\/index.php\/acolhida\/#breadcrumb"},"inLanguage":"pt-BR","potentialAction":[{"@type":"ReadAction","target":["https:\/\/www.santacatarinalaboure.com.br\/index.php\/acolhida\/"]}]},{"@type":"BreadcrumbList","@id":"https:\/\/www.santacatarinalaboure.com.br\/index.php\/acolhida\/#breadcrumb","itemListElement":[{"@type":"ListItem","position":1,"name":"In\u00edcio","item":"https:\/\/www.santacatarinalaboure.com.br\/"},{"@type":"ListItem","position":2,"name":"Acolhida"}]},{"@type":"WebSite","@id":"https:\/\/www.santacatarinalaboure.com.br\/#website","url":"https:\/\/www.santacatarinalaboure.com.br\/","name":"Par\u00f3quia Santa Catarina Labour\u00e9","description":"Par\u00f3quia Santa Catarina Labour\u00e9","publisher":{"@id":"https:\/\/www.santacatarinalaboure.com.br\/#organization"},"potentialAction":[{"@type":"SearchAction","target":{"@type":"EntryPoint","urlTemplate":"https:\/\/www.santacatarinalaboure.com.br\/?s={search_term_string}"},"query-input":"required name=search_term_string"}],"inLanguage":"pt-BR"},{"@type":"Organization","@id":"https:\/\/www.santacatarinalaboure.com.br\/#organization","name":"Par\u00f3quia Santa Catarina Labour\u00e9","url":"https:\/\/www.santacatarinalaboure.com.br\/","logo":{"@type":"ImageObject","inLanguage":"pt-BR","@id":"https:\/\/www.santacatarinalaboure.com.br\/#\/schema\/logo\/image\/","url":"https:\/\/www.santacatarinalaboure.com.br\/wp-content\/uploads\/2024\/06\/medalha-milagrosa.png","contentUrl":"https:\/\/www.santacatarinalaboure.com.br\/wp-content\/uploads\/2024\/06\/medalha-milagrosa.png","width":402,"height":320,"caption":"Par\u00f3quia Santa Catarina Labour\u00e9"},"image":{"@id":"https:\/\/www.santacatarinalaboure.com.br\/#\/schema\/logo\/image\/"}}]}},"_links":{"self":[{"href":"https:\/\/www.santacatarinalaboure.com.br\/index.php\/wp-json\/wp\/v2\/pages\/76","targetHints":{"allow":["GET"]}}],"collection":[{"href":"https:\/\/www.santacatarinalaboure.com.br\/index.php\/wp-json\/wp\/v2\/pages"}],"about":[{"href":"https:\/\/www.santacatarinalaboure.com.br\/index.php\/wp-json\/wp\/v2\/types\/page"}],"author":[{"embeddable":true,"href":"https:\/\/www.santacatarinalaboure.com.br\/index.php\/wp-json\/wp\/v2\/users\/1"}],"replies":[{"embeddable":true,"href":"https:\/\/www.santacatarinalaboure.com.br\/index.php\/wp-json\/wp\/v2\/comments?post=76"}],"version-history":[{"count":7,"href":"https:\/\/www.santacatarinalaboure.com.br\/index.php\/wp-json\/wp\/v2\/pages\/76\/revisions"}],"predecessor-version":[{"id":493,"href":"https:\/\/www.santacatarinalaboure.com.br\/index.php\/wp-json\/wp\/v2\/pages\/76\/revisions\/493"}],"wp:attachment":[{"href":"https:\/\/www.santacatarinalaboure.com.br\/index.php\/wp-json\/wp\/v2\/media?parent=76"}],"curies":[{"name":"wp","href":"https:\/\/api.w.org\/{rel}","templated":true}]}}