{"id":67,"date":"2024-02-29T08:36:05","date_gmt":"2024-02-29T11:36:05","guid":{"rendered":"https:\/\/www.santacatarinalaboure.com.br\/?page_id=67"},"modified":"2024-06-23T19:46:00","modified_gmt":"2024-06-23T22:46:00","slug":"som-e-transmissao","status":"publish","type":"page","link":"https:\/\/www.santacatarinalaboure.com.br\/index.php\/som-e-transmissao\/","title":{"rendered":"Som e Transmiss\u00e3o"},"content":{"rendered":"\t\t<div data-elementor-type=\"wp-page\" data-elementor-id=\"67\" class=\"elementor elementor-67\" data-elementor-post-type=\"page\">\n\t\t\t\t<div class=\"elementor-element elementor-element-ca74b54 e-flex e-con-boxed e-con e-parent\" data-id=\"ca74b54\" data-element_type=\"container\" data-settings=\"{&quot;content_width&quot;:&quot;boxed&quot;}\" data-core-v316-plus=\"true\">\n\t\t\t\t\t<div class=\"e-con-inner\">\n\t\t<div class=\"elementor-element elementor-element-9526ae1 e-flex e-con-boxed e-con e-child\" data-id=\"9526ae1\" data-element_type=\"container\" data-settings=\"{&quot;content_width&quot;:&quot;boxed&quot;}\">\n\t\t\t\t\t<div class=\"e-con-inner\">\n\t\t<div class=\"elementor-element elementor-element-52e731f e-flex e-con-boxed e-con e-child\" data-id=\"52e731f\" data-element_type=\"container\" data-settings=\"{&quot;content_width&quot;:&quot;boxed&quot;}\">\n\t\t\t\t\t<div class=\"e-con-inner\">\n\t\t\t\t<div class=\"elementor-element elementor-element-69a95e5 elementor-widget elementor-widget-heading\" data-id=\"69a95e5\" data-element_type=\"widget\" data-widget_type=\"heading.default\">\n\t\t\t\t<div class=\"elementor-widget-container\">\n\t\t\t<style>\/*! elementor - v3.19.0 - 07-02-2024 *\/\n.elementor-heading-title{padding:0;margin:0;line-height:1}.elementor-widget-heading .elementor-heading-title[class*=elementor-size-]>a{color:inherit;font-size:inherit;line-height:inherit}.elementor-widget-heading .elementor-heading-title.elementor-size-small{font-size:15px}.elementor-widget-heading .elementor-heading-title.elementor-size-medium{font-size:19px}.elementor-widget-heading .elementor-heading-title.elementor-size-large{font-size:29px}.elementor-widget-heading .elementor-heading-title.elementor-size-xl{font-size:39px}.elementor-widget-heading .elementor-heading-title.elementor-size-xxl{font-size:59px}<\/style><h2 class=\"elementor-heading-title elementor-size-default\">Som e Transmiss\u00e3o<\/h2>\t\t<\/div>\n\t\t\t\t<\/div>\n\t\t\t\t\t<\/div>\n\t\t\t\t<\/div>\n\t\t\t\t\t<\/div>\n\t\t\t\t<\/div>\n\t\t\t\t\t<\/div>\n\t\t\t\t<\/div>\n\t\t<div class=\"elementor-element elementor-element-d846c83 e-flex e-con-boxed e-con e-parent\" data-id=\"d846c83\" data-element_type=\"container\" data-settings=\"{&quot;content_width&quot;:&quot;boxed&quot;}\" data-core-v316-plus=\"true\">\n\t\t\t\t\t<div class=\"e-con-inner\">\n\t\t<div class=\"elementor-element elementor-element-fe358fb e-con-full e-flex e-con e-child\" data-id=\"fe358fb\" data-element_type=\"container\" data-settings=\"{&quot;content_width&quot;:&quot;full&quot;}\">\n\t\t\t\t<\/div>\n\t\t<div class=\"elementor-element elementor-element-56a7dce e-con-full e-flex e-con e-child\" data-id=\"56a7dce\" data-element_type=\"container\" data-settings=\"{&quot;content_width&quot;:&quot;full&quot;}\">\n\t\t\t\t<div class=\"elementor-element elementor-element-65fb937 elementor-widget elementor-widget-video\" data-id=\"65fb937\" data-element_type=\"widget\" data-settings=\"{&quot;youtube_url&quot;:&quot;https:\\\/\\\/www.youtube.com\\\/watch?v=znedjcMearE&quot;,&quot;video_type&quot;:&quot;youtube&quot;,&quot;controls&quot;:&quot;yes&quot;}\" data-widget_type=\"video.default\">\n\t\t\t\t<div class=\"elementor-widget-container\">\n\t\t\t<style>\/*! elementor - v3.19.0 - 07-02-2024 *\/\n.elementor-widget-video .elementor-widget-container{overflow:hidden;transform:translateZ(0)}.elementor-widget-video .elementor-wrapper{aspect-ratio:var(--video-aspect-ratio)}.elementor-widget-video .elementor-wrapper iframe,.elementor-widget-video .elementor-wrapper video{height:100%;width:100%;display:flex;border:none;background-color:#000}@supports not (aspect-ratio:1\/1){.elementor-widget-video .elementor-wrapper{position:relative;overflow:hidden;height:0;padding-bottom:calc(100% \/ var(--video-aspect-ratio))}.elementor-widget-video .elementor-wrapper iframe,.elementor-widget-video .elementor-wrapper video{position:absolute;top:0;right:0;bottom:0;left:0}}.elementor-widget-video .elementor-open-inline .elementor-custom-embed-image-overlay{position:absolute;top:0;right:0;bottom:0;left:0;background-size:cover;background-position:50%}.elementor-widget-video .elementor-custom-embed-image-overlay{cursor:pointer;text-align:center}.elementor-widget-video .elementor-custom-embed-image-overlay:hover .elementor-custom-embed-play i{opacity:1}.elementor-widget-video .elementor-custom-embed-image-overlay img{display:block;width:100%;aspect-ratio:var(--video-aspect-ratio);-o-object-fit:cover;object-fit:cover;-o-object-position:center center;object-position:center center}@supports not (aspect-ratio:1\/1){.elementor-widget-video .elementor-custom-embed-image-overlay{position:relative;overflow:hidden;height:0;padding-bottom:calc(100% \/ var(--video-aspect-ratio))}.elementor-widget-video .elementor-custom-embed-image-overlay img{position:absolute;top:0;right:0;bottom:0;left:0}}.elementor-widget-video .e-hosted-video .elementor-video{-o-object-fit:cover;object-fit:cover}.e-con-inner>.elementor-widget-video,.e-con>.elementor-widget-video{width:var(--container-widget-width);--flex-grow:var(--container-widget-flex-grow)}<\/style>\t\t<div class=\"elementor-wrapper elementor-open-inline\">\n\t\t\t<div class=\"elementor-video\"><\/div>\t\t<\/div>\n\t\t\t\t<\/div>\n\t\t\t\t<\/div>\n\t\t\t\t<\/div>\n\t\t<div class=\"elementor-element elementor-element-0c02754 e-con-full e-flex e-con e-child\" data-id=\"0c02754\" data-element_type=\"container\" data-settings=\"{&quot;content_width&quot;:&quot;full&quot;}\">\n\t\t\t\t<\/div>\n\t\t<div class=\"elementor-element elementor-element-480f4e2 e-con-full e-flex e-con e-child\" data-id=\"480f4e2\" data-element_type=\"container\" data-settings=\"{&quot;content_width&quot;:&quot;full&quot;}\">\n\t\t\t\t<\/div>\n\t\t<div class=\"elementor-element elementor-element-4b64d61 e-con-full e-flex e-con e-child\" data-id=\"4b64d61\" data-element_type=\"container\" data-settings=\"{&quot;content_width&quot;:&quot;full&quot;}\">\n\t\t\t\t<div class=\"elementor-element elementor-element-791935f elementor-widget elementor-widget-text-editor\" data-id=\"791935f\" data-element_type=\"widget\" data-widget_type=\"text-editor.default\">\n\t\t\t\t<div class=\"elementor-widget-container\">\n\t\t\t<style>\/*! elementor - v3.19.0 - 07-02-2024 *\/\n.elementor-widget-text-editor.elementor-drop-cap-view-stacked .elementor-drop-cap{background-color:#69727d;color:#fff}.elementor-widget-text-editor.elementor-drop-cap-view-framed .elementor-drop-cap{color:#69727d;border:3px solid;background-color:transparent}.elementor-widget-text-editor:not(.elementor-drop-cap-view-default) .elementor-drop-cap{margin-top:8px}.elementor-widget-text-editor:not(.elementor-drop-cap-view-default) .elementor-drop-cap-letter{width:1em;height:1em}.elementor-widget-text-editor .elementor-drop-cap{float:left;text-align:center;line-height:1;font-size:50px}.elementor-widget-text-editor .elementor-drop-cap-letter{display:inline-block}<\/style>\t\t\t\t<p>12\u00b0 DOMINGO DO TEMPO COMUM<\/p><p>(verde, gl\u00f3ria, creio \u2013 4\u00aa semana do salt\u00e9rio)<\/p><p>Primeira Leitura:<br \/>J\u00f3 38,1.8-11<\/p><p>Salmo Responsorial:<br \/>106(107)<\/p><p>Segunda Leitura:<br \/>2 Cor\u00edntios 5,14-17<\/p><p>Evangelho:<br \/>Marcos 4,35-41<\/p>\t\t\t\t\t\t<\/div>\n\t\t\t\t<\/div>\n\t\t\t\t<\/div>\n\t\t<div class=\"elementor-element elementor-element-e3aae1c e-con-full e-flex e-con e-child\" data-id=\"e3aae1c\" data-element_type=\"container\" data-settings=\"{&quot;content_width&quot;:&quot;full&quot;}\">\n\t\t\t\t<\/div>\n\t\t\t\t\t<\/div>\n\t\t\t\t<\/div>\n\t\t\t\t<\/div>\n\t\t","protected":false},"excerpt":{"rendered":"<p>Som e Transmiss\u00e3o https:\/\/www.youtube.com\/watch?v=znedjcMearE 12\u00b0 DOMINGO DO TEMPO COMUM (verde, gl\u00f3ria, creio \u2013 4\u00aa<span class=\"more-dots\">&#8230;<\/span><\/p>\n","protected":false},"author":1,"featured_media":0,"parent":0,"menu_order":0,"comment_status":"closed","ping_status":"closed","template":"","meta":{"footnotes":""},"class_list":["post-67","page","type-page","status-publish","hentry","no-post-thumbnail"],"yoast_head":"<!-- This site is optimized with the Yoast SEO plugin v22.3 - https:\/\/yoast.com\/wordpress\/plugins\/seo\/ -->\n<title>Som e Transmiss\u00e3o - Par\u00f3quia Santa Catarina Labour\u00e9<\/title>\n<meta name=\"robots\" content=\"index, follow, max-snippet:-1, max-image-preview:large, max-video-preview:-1\" \/>\n<link rel=\"canonical\" href=\"https:\/\/www.santacatarinalaboure.com.br\/index.php\/som-e-transmissao\/\" \/>\n<meta property=\"og:locale\" content=\"pt_BR\" \/>\n<meta property=\"og:type\" content=\"article\" \/>\n<meta property=\"og:title\" content=\"Som e Transmiss\u00e3o - Par\u00f3quia Santa Catarina Labour\u00e9\" \/>\n<meta property=\"og:description\" content=\"Som e Transmiss\u00e3o https:\/\/www.youtube.com\/watch?v=znedjcMearE 12\u00b0 DOMINGO DO TEMPO COMUM (verde, gl\u00f3ria, creio \u2013 4\u00aa...\" \/>\n<meta property=\"og:url\" content=\"https:\/\/www.santacatarinalaboure.com.br\/index.php\/som-e-transmissao\/\" \/>\n<meta property=\"og:site_name\" content=\"Par\u00f3quia Santa Catarina Labour\u00e9\" \/>\n<meta property=\"article:modified_time\" content=\"2024-06-23T22:46:00+00:00\" \/>\n<meta name=\"twitter:card\" content=\"summary_large_image\" \/>\n<meta name=\"twitter:label1\" content=\"Est. tempo de leitura\" \/>\n\t<meta name=\"twitter:data1\" content=\"1 minuto\" \/>\n<script type=\"application\/ld+json\" class=\"yoast-schema-graph\">{\"@context\":\"https:\/\/schema.org\",\"@graph\":[{\"@type\":\"WebPage\",\"@id\":\"https:\/\/www.santacatarinalaboure.com.br\/index.php\/som-e-transmissao\/\",\"url\":\"https:\/\/www.santacatarinalaboure.com.br\/index.php\/som-e-transmissao\/\",\"name\":\"Som e Transmiss\u00e3o - Par\u00f3quia Santa Catarina Labour\u00e9\",\"isPartOf\":{\"@id\":\"https:\/\/www.santacatarinalaboure.com.br\/#website\"},\"datePublished\":\"2024-02-29T11:36:05+00:00\",\"dateModified\":\"2024-06-23T22:46:00+00:00\",\"breadcrumb\":{\"@id\":\"https:\/\/www.santacatarinalaboure.com.br\/index.php\/som-e-transmissao\/#breadcrumb\"},\"inLanguage\":\"pt-BR\",\"potentialAction\":[{\"@type\":\"ReadAction\",\"target\":[\"https:\/\/www.santacatarinalaboure.com.br\/index.php\/som-e-transmissao\/\"]}]},{\"@type\":\"BreadcrumbList\",\"@id\":\"https:\/\/www.santacatarinalaboure.com.br\/index.php\/som-e-transmissao\/#breadcrumb\",\"itemListElement\":[{\"@type\":\"ListItem\",\"position\":1,\"name\":\"In\u00edcio\",\"item\":\"https:\/\/www.santacatarinalaboure.com.br\/\"},{\"@type\":\"ListItem\",\"position\":2,\"name\":\"Som e Transmiss\u00e3o\"}]},{\"@type\":\"WebSite\",\"@id\":\"https:\/\/www.santacatarinalaboure.com.br\/#website\",\"url\":\"https:\/\/www.santacatarinalaboure.com.br\/\",\"name\":\"Par\u00f3quia Santa Catarina Labour\u00e9\",\"description\":\"Par\u00f3quia Santa Catarina Labour\u00e9\",\"publisher\":{\"@id\":\"https:\/\/www.santacatarinalaboure.com.br\/#organization\"},\"potentialAction\":[{\"@type\":\"SearchAction\",\"target\":{\"@type\":\"EntryPoint\",\"urlTemplate\":\"https:\/\/www.santacatarinalaboure.com.br\/?s={search_term_string}\"},\"query-input\":\"required name=search_term_string\"}],\"inLanguage\":\"pt-BR\"},{\"@type\":\"Organization\",\"@id\":\"https:\/\/www.santacatarinalaboure.com.br\/#organization\",\"name\":\"Par\u00f3quia Santa Catarina Labour\u00e9\",\"url\":\"https:\/\/www.santacatarinalaboure.com.br\/\",\"logo\":{\"@type\":\"ImageObject\",\"inLanguage\":\"pt-BR\",\"@id\":\"https:\/\/www.santacatarinalaboure.com.br\/#\/schema\/logo\/image\/\",\"url\":\"https:\/\/www.santacatarinalaboure.com.br\/wp-content\/uploads\/2024\/06\/medalha-milagrosa.png\",\"contentUrl\":\"https:\/\/www.santacatarinalaboure.com.br\/wp-content\/uploads\/2024\/06\/medalha-milagrosa.png\",\"width\":402,\"height\":320,\"caption\":\"Par\u00f3quia Santa Catarina Labour\u00e9\"},\"image\":{\"@id\":\"https:\/\/www.santacatarinalaboure.com.br\/#\/schema\/logo\/image\/\"}}]}<\/script>\n<!-- \/ Yoast SEO plugin. -->","yoast_head_json":{"title":"Som e Transmiss\u00e3o - Par\u00f3quia Santa Catarina Labour\u00e9","robots":{"index":"index","follow":"follow","max-snippet":"max-snippet:-1","max-image-preview":"max-image-preview:large","max-video-preview":"max-video-preview:-1"},"canonical":"https:\/\/www.santacatarinalaboure.com.br\/index.php\/som-e-transmissao\/","og_locale":"pt_BR","og_type":"article","og_title":"Som e Transmiss\u00e3o - Par\u00f3quia Santa Catarina Labour\u00e9","og_description":"Som e Transmiss\u00e3o https:\/\/www.youtube.com\/watch?v=znedjcMearE 12\u00b0 DOMINGO DO TEMPO COMUM (verde, gl\u00f3ria, creio \u2013 4\u00aa...","og_url":"https:\/\/www.santacatarinalaboure.com.br\/index.php\/som-e-transmissao\/","og_site_name":"Par\u00f3quia Santa Catarina Labour\u00e9","article_modified_time":"2024-06-23T22:46:00+00:00","twitter_card":"summary_large_image","twitter_misc":{"Est. tempo de leitura":"1 minuto"},"schema":{"@context":"https:\/\/schema.org","@graph":[{"@type":"WebPage","@id":"https:\/\/www.santacatarinalaboure.com.br\/index.php\/som-e-transmissao\/","url":"https:\/\/www.santacatarinalaboure.com.br\/index.php\/som-e-transmissao\/","name":"Som e Transmiss\u00e3o - Par\u00f3quia Santa Catarina Labour\u00e9","isPartOf":{"@id":"https:\/\/www.santacatarinalaboure.com.br\/#website"},"datePublished":"2024-02-29T11:36:05+00:00","dateModified":"2024-06-23T22:46:00+00:00","breadcrumb":{"@id":"https:\/\/www.santacatarinalaboure.com.br\/index.php\/som-e-transmissao\/#breadcrumb"},"inLanguage":"pt-BR","potentialAction":[{"@type":"ReadAction","target":["https:\/\/www.santacatarinalaboure.com.br\/index.php\/som-e-transmissao\/"]}]},{"@type":"BreadcrumbList","@id":"https:\/\/www.santacatarinalaboure.com.br\/index.php\/som-e-transmissao\/#breadcrumb","itemListElement":[{"@type":"ListItem","position":1,"name":"In\u00edcio","item":"https:\/\/www.santacatarinalaboure.com.br\/"},{"@type":"ListItem","position":2,"name":"Som e Transmiss\u00e3o"}]},{"@type":"WebSite","@id":"https:\/\/www.santacatarinalaboure.com.br\/#website","url":"https:\/\/www.santacatarinalaboure.com.br\/","name":"Par\u00f3quia Santa Catarina Labour\u00e9","description":"Par\u00f3quia Santa Catarina Labour\u00e9","publisher":{"@id":"https:\/\/www.santacatarinalaboure.com.br\/#organization"},"potentialAction":[{"@type":"SearchAction","target":{"@type":"EntryPoint","urlTemplate":"https:\/\/www.santacatarinalaboure.com.br\/?s={search_term_string}"},"query-input":"required name=search_term_string"}],"inLanguage":"pt-BR"},{"@type":"Organization","@id":"https:\/\/www.santacatarinalaboure.com.br\/#organization","name":"Par\u00f3quia Santa Catarina Labour\u00e9","url":"https:\/\/www.santacatarinalaboure.com.br\/","logo":{"@type":"ImageObject","inLanguage":"pt-BR","@id":"https:\/\/www.santacatarinalaboure.com.br\/#\/schema\/logo\/image\/","url":"https:\/\/www.santacatarinalaboure.com.br\/wp-content\/uploads\/2024\/06\/medalha-milagrosa.png","contentUrl":"https:\/\/www.santacatarinalaboure.com.br\/wp-content\/uploads\/2024\/06\/medalha-milagrosa.png","width":402,"height":320,"caption":"Par\u00f3quia Santa Catarina Labour\u00e9"},"image":{"@id":"https:\/\/www.santacatarinalaboure.com.br\/#\/schema\/logo\/image\/"}}]}},"_links":{"self":[{"href":"https:\/\/www.santacatarinalaboure.com.br\/index.php\/wp-json\/wp\/v2\/pages\/67","targetHints":{"allow":["GET"]}}],"collection":[{"href":"https:\/\/www.santacatarinalaboure.com.br\/index.php\/wp-json\/wp\/v2\/pages"}],"about":[{"href":"https:\/\/www.santacatarinalaboure.com.br\/index.php\/wp-json\/wp\/v2\/types\/page"}],"author":[{"embeddable":true,"href":"https:\/\/www.santacatarinalaboure.com.br\/index.php\/wp-json\/wp\/v2\/users\/1"}],"replies":[{"embeddable":true,"href":"https:\/\/www.santacatarinalaboure.com.br\/index.php\/wp-json\/wp\/v2\/comments?post=67"}],"version-history":[{"count":34,"href":"https:\/\/www.santacatarinalaboure.com.br\/index.php\/wp-json\/wp\/v2\/pages\/67\/revisions"}],"predecessor-version":[{"id":378,"href":"https:\/\/www.santacatarinalaboure.com.br\/index.php\/wp-json\/wp\/v2\/pages\/67\/revisions\/378"}],"wp:attachment":[{"href":"https:\/\/www.santacatarinalaboure.com.br\/index.php\/wp-json\/wp\/v2\/media?parent=67"}],"curies":[{"name":"wp","href":"https:\/\/api.w.org\/{rel}","templated":true}]}}