{"id":33,"date":"2024-02-28T19:03:12","date_gmt":"2024-02-28T22:03:12","guid":{"rendered":"https:\/\/www.santacatarinalaboure.com.br\/?page_id=33"},"modified":"2024-02-29T10:38:55","modified_gmt":"2024-02-29T13:38:55","slug":"contacts","status":"publish","type":"page","link":"https:\/\/www.santacatarinalaboure.com.br\/index.php\/contacts\/","title":{"rendered":"Contato"},"content":{"rendered":"\t\t<div data-elementor-type=\"wp-page\" data-elementor-id=\"33\" class=\"elementor elementor-33\" data-elementor-post-type=\"page\">\n\t\t\t\t<div class=\"elementor-element elementor-element-191c0730 e-flex e-con-boxed e-con e-parent\" data-id=\"191c0730\" data-element_type=\"container\" data-settings=\"{&quot;content_width&quot;:&quot;boxed&quot;}\" data-core-v316-plus=\"true\">\n\t\t\t\t\t<div class=\"e-con-inner\">\n\t\t\t\t<div class=\"elementor-element elementor-element-5203a403 elementor-widget elementor-widget-text-editor\" data-id=\"5203a403\" data-element_type=\"widget\" data-widget_type=\"text-editor.default\">\n\t\t\t\t<div class=\"elementor-widget-container\">\n\t\t\t<style>\/*! elementor - v3.19.0 - 07-02-2024 *\/\n.elementor-widget-text-editor.elementor-drop-cap-view-stacked .elementor-drop-cap{background-color:#69727d;color:#fff}.elementor-widget-text-editor.elementor-drop-cap-view-framed .elementor-drop-cap{color:#69727d;border:3px solid;background-color:transparent}.elementor-widget-text-editor:not(.elementor-drop-cap-view-default) .elementor-drop-cap{margin-top:8px}.elementor-widget-text-editor:not(.elementor-drop-cap-view-default) .elementor-drop-cap-letter{width:1em;height:1em}.elementor-widget-text-editor .elementor-drop-cap{float:left;text-align:center;line-height:1;font-size:50px}.elementor-widget-text-editor .elementor-drop-cap-letter{display:inline-block}<\/style>\t\t\t\t<!-- wp:group {\"className\":\" pt-1 pb-2\"} -->\n<div class=\"wp-block-group pt-1 pb-2\"><!-- wp:heading {\"textAlign\":\"center\",\"level\":6,\"className\":\"is-style-small-text\"} -->\n<h6 class=\"wp-block-heading has-text-align-center is-style-small-text\"><mark class=\"has-inline-color has-light-color\" style=\"background-color: var(--colormain);\">&#8212;<\/mark><\/h6>\n<!-- \/wp:heading --><!-- wp:heading {\"textAlign\":\"center\",\"style\":{\"spacing\":{\"margin\":{\"top\":\"15px\",\"bottom\":\"20px\"}}},\"className\":\"\",\"fontSize\":\"huge\"} -->\n<h2 class=\"wp-block-heading has-text-align-center has-huge-font-size\" style=\"margin-top: 15px; margin-bottom: 20px;\">Par\u00f3quia Santa Catarina Labour\u00e9<\/h2>\n<!-- \/wp:heading --><!-- wp:paragraph {\"align\":\"center\",\"className\":\"\",\"fontSize\":\"normal\"} -->\n<p class=\"has-text-align-center has-normal-font-size\">Par\u00f3quia Santa Catarina Labour\u00e9<\/p>\n<!-- \/wp:paragraph --><\/div>\n<!-- \/wp:group --><!-- wp:columns {\"className\":\" cols-single-sm gap-30 pt-2 pb-4\"} -->\n<div class=\"wp-block-columns cols-single-sm gap-30 pt-2 pb-4\"><!-- wp:column {\"className\":\"\"} -->\n<div class=\"wp-block-column\"><!-- wp:image {\"align\":\"center\",\"id\":501,\"width\":\"38px\",\"height\":\"38px\",\"sizeSlug\":\"large\",\"className\":\"mb-0\"} -->\n<figure class=\"wp-block-image aligncenter size-large is-resized mb-0\"><img decoding=\"async\" class=\"wp-image-501\" style=\"width: 38px; height: 38px;\" src=\"https:\/\/www.santacatarinalaboure.com.br\/wp-content\/themes\/exs\/assets\/img\/mail-outline.png\" alt=\"\" \/><\/figure>\n<!-- \/wp:image --><!-- wp:heading {\"textAlign\":\"center\",\"level\":4,\"className\":\"mt-05 mb-0\"} -->\n<h4 class=\"wp-block-heading has-text-align-center mt-05 mb-0\"><strong>E-mail<\/strong><\/h4>\n<!-- \/wp:heading --><!-- wp:paragraph {\"align\":\"center\",\"className\":\"mt-1\"} -->\n<p class=\"has-text-align-center mt-1\"><a href=\"comunicacaosclaboure@gmail.com\" target=\"_blank\" rel=\"noreferrer noopener\">comunicacaosclaboure@gmail&#8230;<\/a><\/p>\n<!-- \/wp:paragraph --><\/div>\n<!-- \/wp:column --><!-- wp:column {\"className\":\"\"} -->\n<div class=\"wp-block-column\"><!-- wp:image {\"align\":\"center\",\"id\":524,\"width\":\"38px\",\"height\":\"38px\",\"sizeSlug\":\"large\",\"className\":\"mb-0\"} -->\n<figure class=\"wp-block-image aligncenter size-large is-resized mb-0\"><img decoding=\"async\" class=\"wp-image-524\" style=\"width: 38px; height: 38px;\" src=\"https:\/\/www.santacatarinalaboure.com.br\/wp-content\/themes\/exs\/assets\/img\/call-outline.png\" alt=\"\" \/><\/figure>\n<!-- \/wp:image --><!-- wp:heading {\"textAlign\":\"center\",\"level\":4,\"className\":\"mt-05 mb-0\"} -->\n<h4 class=\"wp-block-heading has-text-align-center mt-05 mb-0\"><strong>Telefone<\/strong><\/h4>\n<!-- \/wp:heading --><!-- wp:paragraph {\"align\":\"center\",\"className\":\"mt-1\"} -->\n<p class=\"has-text-align-center mt-1\">+55 (31) 3491-9824<\/p>\n<!-- \/wp:paragraph --><\/div>\n<!-- \/wp:column --><!-- wp:column {\"className\":\"\"} -->\n<div class=\"wp-block-column\"><!-- wp:image {\"align\":\"center\",\"id\":502,\"width\":\"38px\",\"height\":\"38px\",\"sizeSlug\":\"large\",\"className\":\"mb-0\"} -->\n<figure class=\"wp-block-image aligncenter size-large is-resized mb-0\"><img decoding=\"async\" class=\"wp-image-502\" style=\"width: 38px; height: 38px;\" src=\"https:\/\/www.santacatarinalaboure.com.br\/wp-content\/themes\/exs\/assets\/img\/location-outline.png\" alt=\"\" \/><\/figure>\n<!-- \/wp:image --><!-- wp:heading {\"textAlign\":\"center\",\"level\":4,\"className\":\"mt-05 mb-0\"} -->\n<h4 class=\"wp-block-heading has-text-align-center mt-05 mb-0\"><strong>Endere\u00e7o<\/strong><\/h4>\n<!-- \/wp:heading --><!-- wp:paragraph {\"align\":\"center\",\"className\":\"mt-1\"} -->\n<p class=\"has-text-align-center mt-1\">Pra\u00e7a Santa Catarina Labour\u00e9 &#8211; Bairro: Dona Clara, S\/N<\/p>\n<!-- \/wp:paragraph --><\/div>\n<!-- \/wp:column --><!-- wp:column {\"className\":\"\"} -->\n<div class=\"wp-block-column\"><!-- wp:image {\"align\":\"center\",\"id\":500,\"width\":\"38px\",\"height\":\"38px\",\"sizeSlug\":\"large\",\"className\":\"mb-0\"} -->\n<figure class=\"wp-block-image aligncenter size-large is-resized mb-0\"><img decoding=\"async\" class=\"wp-image-500\" style=\"width: 38px; height: 38px;\" src=\"https:\/\/www.santacatarinalaboure.com.br\/wp-content\/themes\/exs\/assets\/img\/alarm-outline.png\" alt=\"\" \/><\/figure>\n<!-- \/wp:image --><!-- wp:heading {\"textAlign\":\"center\",\"level\":4,\"className\":\"mt-05 mb-0\"} -->\n<h4 class=\"wp-block-heading has-text-align-center mt-05 mb-0\"><strong>Funcionamento &#8211; Secretaria<\/strong><\/h4>\n<!-- \/wp:heading --><!-- wp:paragraph {\"align\":\"center\",\"className\":\"mt-1\"} -->\n<p class=\"has-text-align-center mt-1\"><strong>Seg. &#8211; Sex.:<\/strong> 9:00AM &#8211; 6:00PM<br \/><strong>S\u00e1bado:<\/strong> 10:00AM &#8211; 5:00PM<br \/><strong>Domingo:<\/strong> Day Off<\/p>\n<!-- \/wp:paragraph --><\/div>\n<!-- \/wp:column --><\/div>\n<!-- \/wp:columns --><!-- wp:group {\"className\":\"pt-6 pb-6 l m section\"} -->\n<div class=\"wp-block-group pt-6 pb-6 l m section\"><!-- wp:media-text {\"align\":\"\",\"mediaId\":21,\"mediaLink\":\"https:\/\/www.santacatarinalaboure.com.br\/wp-content\/themes\/exs-church\/assets\/img\/1.jpg\",\"mediaType\":\"image\",\"mediaSizeSlug\":\"exs-square\"} -->\n<div class=\"wp-block-media-text is-stacked-on-mobile\">\n<figure class=\"wp-block-media-text__media\"><img decoding=\"async\" class=\"wp-image-21 size-exs-square\" src=\"https:\/\/www.santacatarinalaboure.com.br\/wp-content\/themes\/exs-church\/assets\/img\/1.jpg\" alt=\"\" \/><\/figure>\n<div class=\"wp-block-media-text__content\"><!-- wp:paragraph {\"className\":\"is-style-small-text mb-05\"} -->\n<p class=\"is-style-small-text mb-05\"><mark class=\"has-inline-color has-light-color\" style=\"background-color: var(--colormain);\">Eum voluptatem<\/mark><\/p>\n<!-- \/wp:paragraph --><!-- wp:heading {\"className\":\"is-style-default mt-0 mb-05\"} -->\n<h2 class=\"wp-block-heading is-style-default mt-0 mb-05\">Qui recusandae<\/h2>\n<!-- \/wp:heading --><!-- wp:paragraph {\"className\":\"\"} -->\n<p>Nam fermentum, risus hendrerit sodales molestie, velit nunc efficitur lacus, ultricies dictum neque velit tincidunt velit.<\/p>\n<!-- \/wp:paragraph --><!-- wp:html --><form class=\"exs-ajax-form\" action=\"#\"><input class=\"d-block mb-1\" name=\"name\" required=\"required\" type=\"text\" placeholder=\"Adipisci\" \/> <input class=\"d-block mb-1\" name=\"email\" required=\"required\" type=\"email\" placeholder=\"Voluptate\" \/> <textarea class=\"d-block mb-1\" name=\"message\" required=\"required\" placeholder=\"Maxime\"><\/textarea> <button class=\"wp-block-button__link\" type=\"submit\"> Soluta <\/button><\/form><!-- \/wp:html --><\/div>\n<\/div>\n<!-- \/wp:media-text --><\/div>\n<!-- \/wp:group --><!-- wp:columns {\"verticalAlignment\":\"center\",\"className\":\"pt-6 gap-60\"} -->\n<div class=\"wp-block-columns are-vertically-aligned-center pt-6 gap-60\"><!-- wp:column {\"verticalAlignment\":\"center\",\"width\":\"\",\"className\":\"\"} -->\n<div class=\"wp-block-column is-vertically-aligned-center\"><!-- wp:heading {\"level\":3,\"className\":\"\"} -->\n<h3 class=\"wp-block-heading\">Donec suscipit lectus vel<\/h3>\n<!-- \/wp:heading --><!-- wp:paragraph {\"className\":\"\"} -->\n<p>Risus hendrerit sodales molestie, velit nunc efficitur lacus, ultricies dictum neque velit tincidunt velit.<\/p>\n<!-- \/wp:paragraph --><!-- wp:list {\"className\":\"styled\"} -->\n<ul class=\"styled\"><!-- wp:list-item -->\n<li>Venenatis venenatis mi justo<\/li>\n<!-- \/wp:list-item --><!-- wp:list-item -->\n<li>Commodo lectus id sagittis<\/li>\n<!-- \/wp:list-item --><!-- wp:list-item -->\n<li>Mauris leo vel neque<\/li>\n<!-- \/wp:list-item --><!-- wp:list-item -->\n<li>Duis lobortis vel tellus eu lobortis<\/li>\n<!-- \/wp:list-item --><\/ul>\n<!-- \/wp:list --><\/div>\n<!-- \/wp:column --><!-- wp:column {\"verticalAlignment\":\"center\",\"width\":\"\",\"className\":\"\"} -->\n<div class=\"wp-block-column is-vertically-aligned-center\"><!-- wp:image {\"id\":220,\"sizeSlug\":\"large\",\"linkDestination\":\"none\",\"className\":\"\"} -->\n<figure class=\"wp-block-image size-large\"><img decoding=\"async\" class=\"wp-image-220\" src=\"https:\/\/www.santacatarinalaboure.com.br\/wp-content\/themes\/exs\/assets\/img\/map.jpg\" alt=\"\" \/><\/figure>\n<!-- \/wp:image --><\/div>\n<!-- \/wp:column --><\/div>\n<!-- \/wp:columns -->\t\t\t\t\t\t<\/div>\n\t\t\t\t<\/div>\n\t\t\t\t\t<\/div>\n\t\t\t\t<\/div>\n\t\t<div class=\"elementor-element elementor-element-4aec508 e-flex e-con-boxed e-con e-parent\" data-id=\"4aec508\" data-element_type=\"container\" data-settings=\"{&quot;content_width&quot;:&quot;boxed&quot;}\" data-core-v316-plus=\"true\">\n\t\t\t\t\t<div class=\"e-con-inner\">\n\t\t\t\t<div class=\"elementor-element elementor-element-3475102 elementor-widget elementor-widget-google_maps\" data-id=\"3475102\" data-element_type=\"widget\" data-widget_type=\"google_maps.default\">\n\t\t\t\t<div class=\"elementor-widget-container\">\n\t\t\t<style>\/*! elementor - v3.19.0 - 07-02-2024 *\/\n.elementor-widget-google_maps .elementor-widget-container{overflow:hidden}.elementor-widget-google_maps .elementor-custom-embed{line-height:0}.elementor-widget-google_maps iframe{height:300px}<\/style>\t\t<div class=\"elementor-custom-embed\">\n\t\t\t<iframe loading=\"lazy\"\n\t\t\t\t\tsrc=\"https:\/\/maps.google.com\/maps?q=Pra%C3%A7a%20Santa%20Catarina%20Labour%C3%A9%2C%20Dona%20Clara%2C%20S%2FN%20-%20Belo%20Horizonte%20%2F%20Minas%20GErais&#038;t=m&#038;z=14&#038;output=embed&#038;iwloc=near\"\n\t\t\t\t\ttitle=\"Pra\u00e7a Santa Catarina Labour\u00e9, Dona Clara, S\/N - Belo Horizonte \/ Minas GErais\"\n\t\t\t\t\taria-label=\"Pra\u00e7a Santa Catarina Labour\u00e9, Dona Clara, S\/N - Belo Horizonte \/ Minas GErais\"\n\t\t\t><\/iframe>\n\t\t<\/div>\n\t\t\t\t<\/div>\n\t\t\t\t<\/div>\n\t\t\t\t\t<\/div>\n\t\t\t\t<\/div>\n\t\t\t\t<\/div>\n\t\t","protected":false},"excerpt":{"rendered":"<p>&#8212; Par\u00f3quia Santa Catarina Labour\u00e9 Par\u00f3quia Santa Catarina Labour\u00e9 E-mail comunicacaosclaboure@gmail&#8230; Telefone +55 (31)<span class=\"more-dots\">&#8230;<\/span><\/p>\n","protected":false},"author":1,"featured_media":0,"parent":0,"menu_order":0,"comment_status":"closed","ping_status":"closed","template":"","meta":{"footnotes":""},"class_list":["post-33","page","type-page","status-publish","hentry","no-post-thumbnail"],"yoast_head":"<!-- This site is optimized with the Yoast SEO plugin v22.3 - https:\/\/yoast.com\/wordpress\/plugins\/seo\/ -->\n<title>Contato - Par\u00f3quia Santa Catarina Labour\u00e9<\/title>\n<meta name=\"robots\" content=\"index, follow, max-snippet:-1, max-image-preview:large, max-video-preview:-1\" \/>\n<link rel=\"canonical\" href=\"https:\/\/www.santacatarinalaboure.com.br\/index.php\/contacts\/\" \/>\n<meta property=\"og:locale\" content=\"pt_BR\" \/>\n<meta property=\"og:type\" content=\"article\" \/>\n<meta property=\"og:title\" content=\"Contato - Par\u00f3quia Santa Catarina Labour\u00e9\" \/>\n<meta property=\"og:description\" content=\"&#8212; Par\u00f3quia Santa Catarina Labour\u00e9 Par\u00f3quia Santa Catarina Labour\u00e9 E-mail comunicacaosclaboure@gmail&#8230; Telefone +55 (31)...\" \/>\n<meta property=\"og:url\" content=\"https:\/\/www.santacatarinalaboure.com.br\/index.php\/contacts\/\" \/>\n<meta property=\"og:site_name\" content=\"Par\u00f3quia Santa Catarina Labour\u00e9\" \/>\n<meta property=\"article:modified_time\" content=\"2024-02-29T13:38:55+00:00\" \/>\n<meta property=\"og:image\" content=\"https:\/\/www.santacatarinalaboure.com.br\/wp-content\/themes\/exs\/assets\/img\/mail-outline.png\" \/>\n<meta name=\"twitter:card\" content=\"summary_large_image\" \/>\n<meta name=\"twitter:label1\" content=\"Est. tempo de leitura\" \/>\n\t<meta name=\"twitter:data1\" content=\"1 minuto\" \/>\n<script type=\"application\/ld+json\" class=\"yoast-schema-graph\">{\"@context\":\"https:\/\/schema.org\",\"@graph\":[{\"@type\":\"WebPage\",\"@id\":\"https:\/\/www.santacatarinalaboure.com.br\/index.php\/contacts\/\",\"url\":\"https:\/\/www.santacatarinalaboure.com.br\/index.php\/contacts\/\",\"name\":\"Contato - Par\u00f3quia Santa Catarina Labour\u00e9\",\"isPartOf\":{\"@id\":\"https:\/\/www.santacatarinalaboure.com.br\/#website\"},\"primaryImageOfPage\":{\"@id\":\"https:\/\/www.santacatarinalaboure.com.br\/index.php\/contacts\/#primaryimage\"},\"image\":{\"@id\":\"https:\/\/www.santacatarinalaboure.com.br\/index.php\/contacts\/#primaryimage\"},\"thumbnailUrl\":\"https:\/\/www.santacatarinalaboure.com.br\/wp-content\/themes\/exs\/assets\/img\/mail-outline.png\",\"datePublished\":\"2024-02-28T22:03:12+00:00\",\"dateModified\":\"2024-02-29T13:38:55+00:00\",\"breadcrumb\":{\"@id\":\"https:\/\/www.santacatarinalaboure.com.br\/index.php\/contacts\/#breadcrumb\"},\"inLanguage\":\"pt-BR\",\"potentialAction\":[{\"@type\":\"ReadAction\",\"target\":[\"https:\/\/www.santacatarinalaboure.com.br\/index.php\/contacts\/\"]}]},{\"@type\":\"ImageObject\",\"inLanguage\":\"pt-BR\",\"@id\":\"https:\/\/www.santacatarinalaboure.com.br\/index.php\/contacts\/#primaryimage\",\"url\":\"\",\"contentUrl\":\"\"},{\"@type\":\"BreadcrumbList\",\"@id\":\"https:\/\/www.santacatarinalaboure.com.br\/index.php\/contacts\/#breadcrumb\",\"itemListElement\":[{\"@type\":\"ListItem\",\"position\":1,\"name\":\"In\u00edcio\",\"item\":\"https:\/\/www.santacatarinalaboure.com.br\/\"},{\"@type\":\"ListItem\",\"position\":2,\"name\":\"Contato\"}]},{\"@type\":\"WebSite\",\"@id\":\"https:\/\/www.santacatarinalaboure.com.br\/#website\",\"url\":\"https:\/\/www.santacatarinalaboure.com.br\/\",\"name\":\"Par\u00f3quia Santa Catarina Labour\u00e9\",\"description\":\"Par\u00f3quia Santa Catarina Labour\u00e9\",\"publisher\":{\"@id\":\"https:\/\/www.santacatarinalaboure.com.br\/#organization\"},\"potentialAction\":[{\"@type\":\"SearchAction\",\"target\":{\"@type\":\"EntryPoint\",\"urlTemplate\":\"https:\/\/www.santacatarinalaboure.com.br\/?s={search_term_string}\"},\"query-input\":\"required name=search_term_string\"}],\"inLanguage\":\"pt-BR\"},{\"@type\":\"Organization\",\"@id\":\"https:\/\/www.santacatarinalaboure.com.br\/#organization\",\"name\":\"Par\u00f3quia Santa Catarina Labour\u00e9\",\"url\":\"https:\/\/www.santacatarinalaboure.com.br\/\",\"logo\":{\"@type\":\"ImageObject\",\"inLanguage\":\"pt-BR\",\"@id\":\"https:\/\/www.santacatarinalaboure.com.br\/#\/schema\/logo\/image\/\",\"url\":\"https:\/\/www.santacatarinalaboure.com.br\/wp-content\/uploads\/2024\/06\/medalha-milagrosa.png\",\"contentUrl\":\"https:\/\/www.santacatarinalaboure.com.br\/wp-content\/uploads\/2024\/06\/medalha-milagrosa.png\",\"width\":402,\"height\":320,\"caption\":\"Par\u00f3quia Santa Catarina Labour\u00e9\"},\"image\":{\"@id\":\"https:\/\/www.santacatarinalaboure.com.br\/#\/schema\/logo\/image\/\"}}]}<\/script>\n<!-- \/ Yoast SEO plugin. -->","yoast_head_json":{"title":"Contato - Par\u00f3quia Santa Catarina Labour\u00e9","robots":{"index":"index","follow":"follow","max-snippet":"max-snippet:-1","max-image-preview":"max-image-preview:large","max-video-preview":"max-video-preview:-1"},"canonical":"https:\/\/www.santacatarinalaboure.com.br\/index.php\/contacts\/","og_locale":"pt_BR","og_type":"article","og_title":"Contato - Par\u00f3quia Santa Catarina Labour\u00e9","og_description":"&#8212; Par\u00f3quia Santa Catarina Labour\u00e9 Par\u00f3quia Santa Catarina Labour\u00e9 E-mail comunicacaosclaboure@gmail&#8230; Telefone +55 (31)...","og_url":"https:\/\/www.santacatarinalaboure.com.br\/index.php\/contacts\/","og_site_name":"Par\u00f3quia Santa Catarina Labour\u00e9","article_modified_time":"2024-02-29T13:38:55+00:00","og_image":[{"url":"https:\/\/www.santacatarinalaboure.com.br\/wp-content\/themes\/exs\/assets\/img\/mail-outline.png"}],"twitter_card":"summary_large_image","twitter_misc":{"Est. tempo de leitura":"1 minuto"},"schema":{"@context":"https:\/\/schema.org","@graph":[{"@type":"WebPage","@id":"https:\/\/www.santacatarinalaboure.com.br\/index.php\/contacts\/","url":"https:\/\/www.santacatarinalaboure.com.br\/index.php\/contacts\/","name":"Contato - Par\u00f3quia Santa Catarina Labour\u00e9","isPartOf":{"@id":"https:\/\/www.santacatarinalaboure.com.br\/#website"},"primaryImageOfPage":{"@id":"https:\/\/www.santacatarinalaboure.com.br\/index.php\/contacts\/#primaryimage"},"image":{"@id":"https:\/\/www.santacatarinalaboure.com.br\/index.php\/contacts\/#primaryimage"},"thumbnailUrl":"https:\/\/www.santacatarinalaboure.com.br\/wp-content\/themes\/exs\/assets\/img\/mail-outline.png","datePublished":"2024-02-28T22:03:12+00:00","dateModified":"2024-02-29T13:38:55+00:00","breadcrumb":{"@id":"https:\/\/www.santacatarinalaboure.com.br\/index.php\/contacts\/#breadcrumb"},"inLanguage":"pt-BR","potentialAction":[{"@type":"ReadAction","target":["https:\/\/www.santacatarinalaboure.com.br\/index.php\/contacts\/"]}]},{"@type":"ImageObject","inLanguage":"pt-BR","@id":"https:\/\/www.santacatarinalaboure.com.br\/index.php\/contacts\/#primaryimage","url":"","contentUrl":""},{"@type":"BreadcrumbList","@id":"https:\/\/www.santacatarinalaboure.com.br\/index.php\/contacts\/#breadcrumb","itemListElement":[{"@type":"ListItem","position":1,"name":"In\u00edcio","item":"https:\/\/www.santacatarinalaboure.com.br\/"},{"@type":"ListItem","position":2,"name":"Contato"}]},{"@type":"WebSite","@id":"https:\/\/www.santacatarinalaboure.com.br\/#website","url":"https:\/\/www.santacatarinalaboure.com.br\/","name":"Par\u00f3quia Santa Catarina Labour\u00e9","description":"Par\u00f3quia Santa Catarina Labour\u00e9","publisher":{"@id":"https:\/\/www.santacatarinalaboure.com.br\/#organization"},"potentialAction":[{"@type":"SearchAction","target":{"@type":"EntryPoint","urlTemplate":"https:\/\/www.santacatarinalaboure.com.br\/?s={search_term_string}"},"query-input":"required name=search_term_string"}],"inLanguage":"pt-BR"},{"@type":"Organization","@id":"https:\/\/www.santacatarinalaboure.com.br\/#organization","name":"Par\u00f3quia Santa Catarina Labour\u00e9","url":"https:\/\/www.santacatarinalaboure.com.br\/","logo":{"@type":"ImageObject","inLanguage":"pt-BR","@id":"https:\/\/www.santacatarinalaboure.com.br\/#\/schema\/logo\/image\/","url":"https:\/\/www.santacatarinalaboure.com.br\/wp-content\/uploads\/2024\/06\/medalha-milagrosa.png","contentUrl":"https:\/\/www.santacatarinalaboure.com.br\/wp-content\/uploads\/2024\/06\/medalha-milagrosa.png","width":402,"height":320,"caption":"Par\u00f3quia Santa Catarina Labour\u00e9"},"image":{"@id":"https:\/\/www.santacatarinalaboure.com.br\/#\/schema\/logo\/image\/"}}]}},"_links":{"self":[{"href":"https:\/\/www.santacatarinalaboure.com.br\/index.php\/wp-json\/wp\/v2\/pages\/33","targetHints":{"allow":["GET"]}}],"collection":[{"href":"https:\/\/www.santacatarinalaboure.com.br\/index.php\/wp-json\/wp\/v2\/pages"}],"about":[{"href":"https:\/\/www.santacatarinalaboure.com.br\/index.php\/wp-json\/wp\/v2\/types\/page"}],"author":[{"embeddable":true,"href":"https:\/\/www.santacatarinalaboure.com.br\/index.php\/wp-json\/wp\/v2\/users\/1"}],"replies":[{"embeddable":true,"href":"https:\/\/www.santacatarinalaboure.com.br\/index.php\/wp-json\/wp\/v2\/comments?post=33"}],"version-history":[{"count":5,"href":"https:\/\/www.santacatarinalaboure.com.br\/index.php\/wp-json\/wp\/v2\/pages\/33\/revisions"}],"predecessor-version":[{"id":113,"href":"https:\/\/www.santacatarinalaboure.com.br\/index.php\/wp-json\/wp\/v2\/pages\/33\/revisions\/113"}],"wp:attachment":[{"href":"https:\/\/www.santacatarinalaboure.com.br\/index.php\/wp-json\/wp\/v2\/media?parent=33"}],"curies":[{"name":"wp","href":"https:\/\/api.w.org\/{rel}","templated":true}]}}