{"id":31,"date":"2024-02-28T19:03:12","date_gmt":"2024-02-28T22:03:12","guid":{"rendered":"https:\/\/www.santacatarinalaboure.com.br\/?page_id=31"},"modified":"2024-06-23T15:08:15","modified_gmt":"2024-06-23T18:08:15","slug":"about-us","status":"publish","type":"page","link":"https:\/\/www.santacatarinalaboure.com.br\/index.php\/about-us\/","title":{"rendered":"About Us"},"content":{"rendered":"\t\t<div data-elementor-type=\"wp-page\" data-elementor-id=\"31\" class=\"elementor elementor-31\" data-elementor-post-type=\"page\">\n\t\t\t\t<div class=\"elementor-element elementor-element-d6ae526 e-flex e-con-boxed e-con e-parent\" data-id=\"d6ae526\" data-element_type=\"container\" data-settings=\"{&quot;content_width&quot;:&quot;boxed&quot;}\" data-core-v316-plus=\"true\">\n\t\t\t\t\t<div class=\"e-con-inner\">\n\t\t<div class=\"elementor-element elementor-element-da11ef3 e-con-full e-flex e-con e-child\" data-id=\"da11ef3\" data-element_type=\"container\" data-settings=\"{&quot;content_width&quot;:&quot;full&quot;}\">\n\t\t\t\t<\/div>\n\t\t<div class=\"elementor-element elementor-element-d2dc87d e-con-full e-flex e-con e-child\" data-id=\"d2dc87d\" data-element_type=\"container\" data-settings=\"{&quot;content_width&quot;:&quot;full&quot;}\">\n\t\t\t\t<div class=\"elementor-element elementor-element-455ec50 elementor-widget elementor-widget-image\" data-id=\"455ec50\" data-element_type=\"widget\" data-widget_type=\"image.default\">\n\t\t\t\t<div class=\"elementor-widget-container\">\n\t\t\t<style>\/*! elementor - v3.19.0 - 07-02-2024 *\/\n.elementor-widget-image{text-align:center}.elementor-widget-image a{display:inline-block}.elementor-widget-image a img[src$=\".svg\"]{width:48px}.elementor-widget-image img{vertical-align:middle;display:inline-block}<\/style>\t\t\t\t\t\t\t\t\t\t<img fetchpriority=\"high\" decoding=\"async\" width=\"1024\" height=\"576\" src=\"https:\/\/www.santacatarinalaboure.com.br\/wp-content\/uploads\/2024\/06\/download-1024x576.jpeg\" class=\"attachment-large size-large wp-image-247\" alt=\"\" srcset=\"https:\/\/www.santacatarinalaboure.com.br\/wp-content\/uploads\/2024\/06\/download-1024x576.jpeg 1024w, https:\/\/www.santacatarinalaboure.com.br\/wp-content\/uploads\/2024\/06\/download-300x169.jpeg 300w, https:\/\/www.santacatarinalaboure.com.br\/wp-content\/uploads\/2024\/06\/download-768x432.jpeg 768w, https:\/\/www.santacatarinalaboure.com.br\/wp-content\/uploads\/2024\/06\/download-1140x641.jpeg 1140w, https:\/\/www.santacatarinalaboure.com.br\/wp-content\/uploads\/2024\/06\/download.jpeg 1200w\" sizes=\"(max-width: 1024px) 100vw, 1024px\" \/>\t\t\t\t\t\t\t\t\t\t\t\t\t<\/div>\n\t\t\t\t<\/div>\n\t\t\t\t<\/div>\n\t\t<div class=\"elementor-element elementor-element-3a5a79b e-con-full e-flex e-con e-child\" data-id=\"3a5a79b\" data-element_type=\"container\" data-settings=\"{&quot;content_width&quot;:&quot;full&quot;}\">\n\t\t\t\t<div class=\"elementor-element elementor-element-8a4e23a elementor-widget elementor-widget-image\" data-id=\"8a4e23a\" data-element_type=\"widget\" data-widget_type=\"image.default\">\n\t\t\t\t<div class=\"elementor-widget-container\">\n\t\t\t\t\t\t\t\t\t\t\t\t\t<img decoding=\"async\" width=\"1024\" height=\"576\" src=\"https:\/\/www.santacatarinalaboure.com.br\/wp-content\/uploads\/2024\/06\/Medalha-milagrosa-1-1024x576.webp\" class=\"attachment-large size-large wp-image-251\" alt=\"\" srcset=\"https:\/\/www.santacatarinalaboure.com.br\/wp-content\/uploads\/2024\/06\/Medalha-milagrosa-1-1024x576.webp 1024w, https:\/\/www.santacatarinalaboure.com.br\/wp-content\/uploads\/2024\/06\/Medalha-milagrosa-1-300x169.webp 300w, https:\/\/www.santacatarinalaboure.com.br\/wp-content\/uploads\/2024\/06\/Medalha-milagrosa-1-768x432.webp 768w, https:\/\/www.santacatarinalaboure.com.br\/wp-content\/uploads\/2024\/06\/Medalha-milagrosa-1-1140x641.webp 1140w, https:\/\/www.santacatarinalaboure.com.br\/wp-content\/uploads\/2024\/06\/Medalha-milagrosa-1.webp 1280w\" sizes=\"(max-width: 1024px) 100vw, 1024px\" \/>\t\t\t\t\t\t\t\t\t\t\t\t\t<\/div>\n\t\t\t\t<\/div>\n\t\t\t\t<\/div>\n\t\t<div class=\"elementor-element elementor-element-6290e28 e-con-full e-flex e-con e-child\" data-id=\"6290e28\" data-element_type=\"container\" data-settings=\"{&quot;content_width&quot;:&quot;full&quot;}\">\n\t\t\t\t<\/div>\n\t\t<div class=\"elementor-element elementor-element-778144d e-con-full e-flex e-con e-child\" data-id=\"778144d\" data-element_type=\"container\" data-settings=\"{&quot;content_width&quot;:&quot;full&quot;}\">\n\t\t\t\t<\/div>\n\t\t<div class=\"elementor-element elementor-element-4573d19 e-con-full e-flex e-con e-child\" data-id=\"4573d19\" data-element_type=\"container\" data-settings=\"{&quot;content_width&quot;:&quot;full&quot;}\">\n\t\t\t\t<\/div>\n\t\t\t\t\t<\/div>\n\t\t\t\t<\/div>\n\t\t<div class=\"elementor-element elementor-element-2dee29c e-flex e-con-boxed e-con e-parent\" data-id=\"2dee29c\" data-element_type=\"container\" data-settings=\"{&quot;content_width&quot;:&quot;boxed&quot;}\" data-core-v316-plus=\"true\">\n\t\t\t\t\t<div class=\"e-con-inner\">\n\t\t\t\t<div class=\"elementor-element elementor-element-30bad5f elementor-widget elementor-widget-text-editor\" data-id=\"30bad5f\" data-element_type=\"widget\" data-widget_type=\"text-editor.default\">\n\t\t\t\t<div class=\"elementor-widget-container\">\n\t\t\t<style>\/*! elementor - v3.19.0 - 07-02-2024 *\/\n.elementor-widget-text-editor.elementor-drop-cap-view-stacked .elementor-drop-cap{background-color:#69727d;color:#fff}.elementor-widget-text-editor.elementor-drop-cap-view-framed .elementor-drop-cap{color:#69727d;border:3px solid;background-color:transparent}.elementor-widget-text-editor:not(.elementor-drop-cap-view-default) .elementor-drop-cap{margin-top:8px}.elementor-widget-text-editor:not(.elementor-drop-cap-view-default) .elementor-drop-cap-letter{width:1em;height:1em}.elementor-widget-text-editor .elementor-drop-cap{float:left;text-align:center;line-height:1;font-size:50px}.elementor-widget-text-editor .elementor-drop-cap-letter{display:inline-block}<\/style>\t\t\t\t<div id=\"block-system-main\" class=\"block block-system\">\n<div class=\"content\">\n<div class=\"node node-santo clearfix\">\n<div class=\"-content clearfix \">\n<div class=\"field field-name-field-santo-desc field-type-text-long field-label-hidden\">\n<div class=\"field-items\">\n<div class=\"field-item even\">\n<p>A chamada \u201cmedalha milagrosa\u201d \u00e9 fruto de uma vis\u00e3o que a religiosa vicentina Catarina Labour\u00e9 teve da Virgem Maria em 1830. Na vis\u00e3o, a Imaculada apareceu como est\u00e1 na imagem e pronunciou a ora\u00e7\u00e3o \u201c\u00d3 Maria concebida sem pecado, rogai por n\u00f3s, que recorremos a v\u00f3s\u201d, exatamente como a conhecemos.<\/p>\n<p>Irm\u00e3 Catarina foi batizada com o nome de Zoe de Labour\u00e9. Filha de uma numerosa fam\u00edlia de fazendeiros crist\u00e3os, nasceu em 2 de maio de 1806, na regi\u00e3o de Borgonha, interior da Fran\u00e7a. Na inf\u00e2ncia, ficou \u00f3rf\u00e3 de m\u00e3e e desde ent\u00e3o \u201cadotou M\u00e3e Maria\u201d como sua guia, dedicando-lhe grande devo\u00e7\u00e3o. Cresceu estudiosa, obediente e muito piedosa. Aos dezoito anos, a voca\u00e7\u00e3o para a vida religiosa era forte, ent\u00e3o pediu ao pai para segui-la, mas ele relutou.<\/p>\n<p>Dada a insist\u00eancia por anos a fio, ela j\u00e1 estava com vinte e quatro anos, antes de consentir preferiu mand\u00e1-la a Paris, para que testasse sua voca\u00e7\u00e3o. Chegou em abril de 1830 na cidade, e logo percebeu que estava certa na decis\u00e3o, pois n\u00e3o se motivou com os encantos da vida agitada da sociedade urbana. Ent\u00e3o, em maio, com autoriza\u00e7\u00e3o de seu pai, iniciou o noviciado no Convento das Filhas da Caridade de S\u00e3o Vicente de Paulo, em Paris mesmo.<\/p>\n<p>Quando recebeu o h\u00e1bito das vicentinas, mudou o nome para irm\u00e3 Catarina. A jovem novi\u00e7a impressionava pelo fervor com que rezava na capela das vicentinas, diante do relic\u00e1rio de s\u00e3o Vicente de Paulo, onde tinha constantes vis\u00f5es. Contou ao confessor que primeiro lhe apareceu v\u00e1rias vezes o fundador, depois as vis\u00f5es foram substitu\u00eddas por Jesus eucar\u00edstico e Cristo Rei, em junho do mesmo ano. Orientada pelo confessor, continuou com as ora\u00e7\u00f5es, mas anotando tudo o que lhe acontecia nesses per\u00edodos. Assim fez, e continuou o seu trabalho num hospital de Paris.<\/p>\n<p>Em junho, sempre de 1830, teve um ciclo de cinco apari\u00e7\u00f5es da Imaculada da medalha milagrosa, sendo tr\u00eas consideradas mais significativas. A primeira delas foi na noite de 18 de junho, quanto veio um anjo e a conduziu \u00e0 capela da Casa-m\u00e3e, onde Catarina conversou mais de duas horas com Nossa Senhora, que avisou sobre os novos encontros.<\/p>\n<p>Ela voltou a aparecer em novembro e dezembro. A que mais chamou a aten\u00e7\u00e3o foi a de 27 de novembro, quando veio em duas seq\u00fc\u00eancias, que, por uma intui\u00e7\u00e3o interior, Catarina pensou em cunhar numa medalha. Foi assim que surgiram as primeiras, em junho do ano seguinte. Tamb\u00e9m foi criada a Associa\u00e7\u00e3o das Filhas de Maria Imaculada, que propagou o culto a Nossa Senhora Imaculada atrav\u00e9s da medalha. Desde aquela \u00e9poca, passou a ser conhecida como \u201ca medalha milagrosa\u201d, pelas centenas de curas, gra\u00e7as e convers\u00f5es que produziu por intercess\u00e3o de Maria.<\/p>\n<p>Depois disso, as vis\u00f5es terminaram. Catarina Labour\u00e9 morreu em 31 de dezembro de 1876, em Paris, onde trabalhou quarenta e cinco anos, no mesmo hospital designado desde o in\u00edcio de sua miss\u00e3o de religiosa vicentina.<\/p>\n<p>Foi beatificada, em 1933, pelo papa Pio XI e canonizada pelo papa Pio XII em 1947. Seu corpo est\u00e1 guardado num esquife de cristal na capela onde ocorreram as apari\u00e7\u00f5es. Para a fam\u00edlia vicentina, o Vaticano autorizou uma festa no dia 28 de novembro. A celebra\u00e7\u00e3o universal a santa Catarina Labour\u00e9 foi marcada no dia de sua morte pela Igreja de Roma.<br \/><br \/><\/p>\n<\/div>\n<\/div>\n<\/div>\n<\/div>\n<\/div>\n<\/div>\n<\/div>\n<div id=\"block-block-48\" class=\"block block-block\">\n<div class=\"content\">\n<p>*Fonte: Pia Sociedade Filhas de S\u00e3o Paulo Paulinas\u00a0<a href=\"http:\/\/www.paulinas.org.br\/\" target=\"_blank\" rel=\"noopener\">http:\/\/www.paulinas.org.br<\/a><\/p>\n<\/div>\n<\/div>\t\t\t\t\t\t<\/div>\n\t\t\t\t<\/div>\n\t\t\t\t\t<\/div>\n\t\t\t\t<\/div>\n\t\t\t\t<\/div>\n\t\t","protected":false},"excerpt":{"rendered":"<p>A chamada \u201cmedalha milagrosa\u201d \u00e9 fruto de uma vis\u00e3o que a religiosa vicentina Catarina<span class=\"more-dots\">&#8230;<\/span><\/p>\n","protected":false},"author":1,"featured_media":0,"parent":0,"menu_order":0,"comment_status":"closed","ping_status":"closed","template":"","meta":{"footnotes":""},"class_list":["post-31","page","type-page","status-publish","hentry","no-post-thumbnail"],"yoast_head":"<!-- This site is optimized with the Yoast SEO plugin v22.3 - https:\/\/yoast.com\/wordpress\/plugins\/seo\/ -->\n<title>About Us - Par\u00f3quia Santa Catarina Labour\u00e9<\/title>\n<meta name=\"robots\" content=\"index, follow, max-snippet:-1, max-image-preview:large, max-video-preview:-1\" \/>\n<link rel=\"canonical\" href=\"https:\/\/www.santacatarinalaboure.com.br\/index.php\/about-us\/\" \/>\n<meta property=\"og:locale\" content=\"pt_BR\" \/>\n<meta property=\"og:type\" content=\"article\" \/>\n<meta property=\"og:title\" content=\"About Us - Par\u00f3quia Santa Catarina Labour\u00e9\" \/>\n<meta property=\"og:description\" content=\"A chamada \u201cmedalha milagrosa\u201d \u00e9 fruto de uma vis\u00e3o que a religiosa vicentina Catarina...\" \/>\n<meta property=\"og:url\" content=\"https:\/\/www.santacatarinalaboure.com.br\/index.php\/about-us\/\" \/>\n<meta property=\"og:site_name\" content=\"Par\u00f3quia Santa Catarina Labour\u00e9\" \/>\n<meta property=\"article:modified_time\" content=\"2024-06-23T18:08:15+00:00\" \/>\n<meta property=\"og:image\" content=\"http:\/\/www.santacatarinalaboure.com.br\/wp-content\/uploads\/2024\/06\/download-1024x576.jpeg\" \/>\n<meta name=\"twitter:card\" content=\"summary_large_image\" \/>\n<meta name=\"twitter:label1\" content=\"Est. tempo de leitura\" \/>\n\t<meta name=\"twitter:data1\" content=\"4 minutos\" \/>\n<script type=\"application\/ld+json\" class=\"yoast-schema-graph\">{\"@context\":\"https:\/\/schema.org\",\"@graph\":[{\"@type\":\"WebPage\",\"@id\":\"https:\/\/www.santacatarinalaboure.com.br\/index.php\/about-us\/\",\"url\":\"https:\/\/www.santacatarinalaboure.com.br\/index.php\/about-us\/\",\"name\":\"About Us - Par\u00f3quia Santa Catarina Labour\u00e9\",\"isPartOf\":{\"@id\":\"https:\/\/www.santacatarinalaboure.com.br\/#website\"},\"primaryImageOfPage\":{\"@id\":\"https:\/\/www.santacatarinalaboure.com.br\/index.php\/about-us\/#primaryimage\"},\"image\":{\"@id\":\"https:\/\/www.santacatarinalaboure.com.br\/index.php\/about-us\/#primaryimage\"},\"thumbnailUrl\":\"http:\/\/www.santacatarinalaboure.com.br\/wp-content\/uploads\/2024\/06\/download-1024x576.jpeg\",\"datePublished\":\"2024-02-28T22:03:12+00:00\",\"dateModified\":\"2024-06-23T18:08:15+00:00\",\"breadcrumb\":{\"@id\":\"https:\/\/www.santacatarinalaboure.com.br\/index.php\/about-us\/#breadcrumb\"},\"inLanguage\":\"pt-BR\",\"potentialAction\":[{\"@type\":\"ReadAction\",\"target\":[\"https:\/\/www.santacatarinalaboure.com.br\/index.php\/about-us\/\"]}]},{\"@type\":\"ImageObject\",\"inLanguage\":\"pt-BR\",\"@id\":\"https:\/\/www.santacatarinalaboure.com.br\/index.php\/about-us\/#primaryimage\",\"url\":\"https:\/\/www.santacatarinalaboure.com.br\/wp-content\/uploads\/2024\/06\/download.jpeg\",\"contentUrl\":\"https:\/\/www.santacatarinalaboure.com.br\/wp-content\/uploads\/2024\/06\/download.jpeg\",\"width\":1200,\"height\":675},{\"@type\":\"BreadcrumbList\",\"@id\":\"https:\/\/www.santacatarinalaboure.com.br\/index.php\/about-us\/#breadcrumb\",\"itemListElement\":[{\"@type\":\"ListItem\",\"position\":1,\"name\":\"In\u00edcio\",\"item\":\"https:\/\/www.santacatarinalaboure.com.br\/\"},{\"@type\":\"ListItem\",\"position\":2,\"name\":\"About Us\"}]},{\"@type\":\"WebSite\",\"@id\":\"https:\/\/www.santacatarinalaboure.com.br\/#website\",\"url\":\"https:\/\/www.santacatarinalaboure.com.br\/\",\"name\":\"Par\u00f3quia Santa Catarina Labour\u00e9\",\"description\":\"Par\u00f3quia Santa Catarina Labour\u00e9\",\"publisher\":{\"@id\":\"https:\/\/www.santacatarinalaboure.com.br\/#organization\"},\"potentialAction\":[{\"@type\":\"SearchAction\",\"target\":{\"@type\":\"EntryPoint\",\"urlTemplate\":\"https:\/\/www.santacatarinalaboure.com.br\/?s={search_term_string}\"},\"query-input\":\"required name=search_term_string\"}],\"inLanguage\":\"pt-BR\"},{\"@type\":\"Organization\",\"@id\":\"https:\/\/www.santacatarinalaboure.com.br\/#organization\",\"name\":\"Par\u00f3quia Santa Catarina Labour\u00e9\",\"url\":\"https:\/\/www.santacatarinalaboure.com.br\/\",\"logo\":{\"@type\":\"ImageObject\",\"inLanguage\":\"pt-BR\",\"@id\":\"https:\/\/www.santacatarinalaboure.com.br\/#\/schema\/logo\/image\/\",\"url\":\"https:\/\/www.santacatarinalaboure.com.br\/wp-content\/uploads\/2024\/06\/medalha-milagrosa.png\",\"contentUrl\":\"https:\/\/www.santacatarinalaboure.com.br\/wp-content\/uploads\/2024\/06\/medalha-milagrosa.png\",\"width\":402,\"height\":320,\"caption\":\"Par\u00f3quia Santa Catarina Labour\u00e9\"},\"image\":{\"@id\":\"https:\/\/www.santacatarinalaboure.com.br\/#\/schema\/logo\/image\/\"}}]}<\/script>\n<!-- \/ Yoast SEO plugin. -->","yoast_head_json":{"title":"About Us - Par\u00f3quia Santa Catarina Labour\u00e9","robots":{"index":"index","follow":"follow","max-snippet":"max-snippet:-1","max-image-preview":"max-image-preview:large","max-video-preview":"max-video-preview:-1"},"canonical":"https:\/\/www.santacatarinalaboure.com.br\/index.php\/about-us\/","og_locale":"pt_BR","og_type":"article","og_title":"About Us - Par\u00f3quia Santa Catarina Labour\u00e9","og_description":"A chamada \u201cmedalha milagrosa\u201d \u00e9 fruto de uma vis\u00e3o que a religiosa vicentina Catarina...","og_url":"https:\/\/www.santacatarinalaboure.com.br\/index.php\/about-us\/","og_site_name":"Par\u00f3quia Santa Catarina Labour\u00e9","article_modified_time":"2024-06-23T18:08:15+00:00","og_image":[{"url":"http:\/\/www.santacatarinalaboure.com.br\/wp-content\/uploads\/2024\/06\/download-1024x576.jpeg"}],"twitter_card":"summary_large_image","twitter_misc":{"Est. tempo de leitura":"4 minutos"},"schema":{"@context":"https:\/\/schema.org","@graph":[{"@type":"WebPage","@id":"https:\/\/www.santacatarinalaboure.com.br\/index.php\/about-us\/","url":"https:\/\/www.santacatarinalaboure.com.br\/index.php\/about-us\/","name":"About Us - Par\u00f3quia Santa Catarina Labour\u00e9","isPartOf":{"@id":"https:\/\/www.santacatarinalaboure.com.br\/#website"},"primaryImageOfPage":{"@id":"https:\/\/www.santacatarinalaboure.com.br\/index.php\/about-us\/#primaryimage"},"image":{"@id":"https:\/\/www.santacatarinalaboure.com.br\/index.php\/about-us\/#primaryimage"},"thumbnailUrl":"http:\/\/www.santacatarinalaboure.com.br\/wp-content\/uploads\/2024\/06\/download-1024x576.jpeg","datePublished":"2024-02-28T22:03:12+00:00","dateModified":"2024-06-23T18:08:15+00:00","breadcrumb":{"@id":"https:\/\/www.santacatarinalaboure.com.br\/index.php\/about-us\/#breadcrumb"},"inLanguage":"pt-BR","potentialAction":[{"@type":"ReadAction","target":["https:\/\/www.santacatarinalaboure.com.br\/index.php\/about-us\/"]}]},{"@type":"ImageObject","inLanguage":"pt-BR","@id":"https:\/\/www.santacatarinalaboure.com.br\/index.php\/about-us\/#primaryimage","url":"https:\/\/www.santacatarinalaboure.com.br\/wp-content\/uploads\/2024\/06\/download.jpeg","contentUrl":"https:\/\/www.santacatarinalaboure.com.br\/wp-content\/uploads\/2024\/06\/download.jpeg","width":1200,"height":675},{"@type":"BreadcrumbList","@id":"https:\/\/www.santacatarinalaboure.com.br\/index.php\/about-us\/#breadcrumb","itemListElement":[{"@type":"ListItem","position":1,"name":"In\u00edcio","item":"https:\/\/www.santacatarinalaboure.com.br\/"},{"@type":"ListItem","position":2,"name":"About Us"}]},{"@type":"WebSite","@id":"https:\/\/www.santacatarinalaboure.com.br\/#website","url":"https:\/\/www.santacatarinalaboure.com.br\/","name":"Par\u00f3quia Santa Catarina Labour\u00e9","description":"Par\u00f3quia Santa Catarina Labour\u00e9","publisher":{"@id":"https:\/\/www.santacatarinalaboure.com.br\/#organization"},"potentialAction":[{"@type":"SearchAction","target":{"@type":"EntryPoint","urlTemplate":"https:\/\/www.santacatarinalaboure.com.br\/?s={search_term_string}"},"query-input":"required name=search_term_string"}],"inLanguage":"pt-BR"},{"@type":"Organization","@id":"https:\/\/www.santacatarinalaboure.com.br\/#organization","name":"Par\u00f3quia Santa Catarina Labour\u00e9","url":"https:\/\/www.santacatarinalaboure.com.br\/","logo":{"@type":"ImageObject","inLanguage":"pt-BR","@id":"https:\/\/www.santacatarinalaboure.com.br\/#\/schema\/logo\/image\/","url":"https:\/\/www.santacatarinalaboure.com.br\/wp-content\/uploads\/2024\/06\/medalha-milagrosa.png","contentUrl":"https:\/\/www.santacatarinalaboure.com.br\/wp-content\/uploads\/2024\/06\/medalha-milagrosa.png","width":402,"height":320,"caption":"Par\u00f3quia Santa Catarina Labour\u00e9"},"image":{"@id":"https:\/\/www.santacatarinalaboure.com.br\/#\/schema\/logo\/image\/"}}]}},"_links":{"self":[{"href":"https:\/\/www.santacatarinalaboure.com.br\/index.php\/wp-json\/wp\/v2\/pages\/31","targetHints":{"allow":["GET"]}}],"collection":[{"href":"https:\/\/www.santacatarinalaboure.com.br\/index.php\/wp-json\/wp\/v2\/pages"}],"about":[{"href":"https:\/\/www.santacatarinalaboure.com.br\/index.php\/wp-json\/wp\/v2\/types\/page"}],"author":[{"embeddable":true,"href":"https:\/\/www.santacatarinalaboure.com.br\/index.php\/wp-json\/wp\/v2\/users\/1"}],"replies":[{"embeddable":true,"href":"https:\/\/www.santacatarinalaboure.com.br\/index.php\/wp-json\/wp\/v2\/comments?post=31"}],"version-history":[{"count":4,"href":"https:\/\/www.santacatarinalaboure.com.br\/index.php\/wp-json\/wp\/v2\/pages\/31\/revisions"}],"predecessor-version":[{"id":289,"href":"https:\/\/www.santacatarinalaboure.com.br\/index.php\/wp-json\/wp\/v2\/pages\/31\/revisions\/289"}],"wp:attachment":[{"href":"https:\/\/www.santacatarinalaboure.com.br\/index.php\/wp-json\/wp\/v2\/media?parent=31"}],"curies":[{"name":"wp","href":"https:\/\/api.w.org\/{rel}","templated":true}]}}